{"id":1985,"date":"2018-05-21T09:29:14","date_gmt":"2018-05-21T07:29:14","guid":{"rendered":"http:\/\/www.legrandnoe.fr\/pour-preparer-votre-sejour\/"},"modified":"2020-07-22T10:22:35","modified_gmt":"2020-07-22T08:22:35","slug":"pour-preparer-votre-sejour","status":"publish","type":"page","link":"https:\/\/www.legrandnoe.fr\/en\/pour-preparer-votre-sejour\/","title":{"rendered":"Pour pr\u00e9parer votre s\u00e9jour&#8230;"},"content":{"rendered":"<p>&#8230; suivant votre projet, n&#8217;h\u00e9sitez pas \u00e0 nous solliciter,<\/p>\n<p>et \u00e0 consulter nos pages :<\/p>\n<h2 style=\"text-align: center;\">le parc du Pilat<\/h2>\n<figure id=\"attachment_1943\" aria-describedby=\"caption-attachment-1943\" style=\"width: 220px\" class=\"wp-caption aligncenter\"><img loading=\"lazy\" decoding=\"async\" class=\"wp-image-1943 size-full\" src=\"http:\/\/www.legrandnoe.fr\/wp-content\/uploads\/2018\/05\/le-pilat.jpg\" alt=\"\" width=\"220\" height=\"221\" srcset=\"https:\/\/www.legrandnoe.fr\/wp-content\/uploads\/2018\/05\/le-pilat.jpg 220w, https:\/\/www.legrandnoe.fr\/wp-content\/uploads\/2018\/05\/le-pilat-150x150.jpg 150w\" sizes=\"auto, (max-width: 220px) 100vw, 220px\" \/><figcaption id=\"caption-attachment-1943\" class=\"wp-caption-text\">Le Parc R\u00e9gional du Pilat Rhodanien<\/figcaption><\/figure>\n<p>&nbsp;<\/p>\n<h2 style=\"text-align: center;\"><a href=\"http:\/\/www.legrandnoe.fr\/auberges-en-altitude\/\">Se restaurer<\/a><\/h2>\n<figure id=\"attachment_1944\" aria-describedby=\"caption-attachment-1944\" style=\"width: 259px\" class=\"wp-caption aligncenter\"><img loading=\"lazy\" decoding=\"async\" class=\"wp-image-1944 size-full\" src=\"http:\/\/www.legrandnoe.fr\/wp-content\/uploads\/2018\/05\/auberge.jpg\" alt=\"\" width=\"259\" height=\"194\" \/><figcaption id=\"caption-attachment-1944\" class=\"wp-caption-text\">Les auberges dans le Pilat<\/figcaption><\/figure>\n<p>&nbsp;<\/p>\n<h2 style=\"text-align: center;\"><a href=\"http:\/\/www.legrandnoe.fr\/prenez-contact\/\">Prendre son pied<\/a><\/h2>\n<figure id=\"attachment_1945\" aria-describedby=\"caption-attachment-1945\" style=\"width: 300px\" class=\"wp-caption aligncenter\"><img loading=\"lazy\" decoding=\"async\" class=\"wp-image-1945 size-medium\" src=\"http:\/\/www.legrandnoe.fr\/wp-content\/uploads\/2018\/05\/Prendre-son-pied-300x295.png\" alt=\"\" width=\"300\" height=\"295\" srcset=\"https:\/\/www.legrandnoe.fr\/wp-content\/uploads\/2018\/05\/Prendre-son-pied-300x295.png 300w, https:\/\/www.legrandnoe.fr\/wp-content\/uploads\/2018\/05\/Prendre-son-pied.png 556w\" sizes=\"auto, (max-width: 300px) 100vw, 300px\" \/><figcaption id=\"caption-attachment-1945\" class=\"wp-caption-text\">Prendre son pied<\/figcaption><\/figure>\n<p>&nbsp;<\/p>\n<h3 style=\"text-align: center;\">Faire son march\u00e9<\/h3>\n<p><img loading=\"lazy\" decoding=\"async\" class=\"alignnone size-medium wp-image-2477 aligncenter\" src=\"http:\/\/www.legrandnoe.fr\/wp-content\/uploads\/2020\/07\/Marche\u0301s-du-Pilat-300x192.png\" alt=\"\" width=\"300\" height=\"192\" srcset=\"https:\/\/www.legrandnoe.fr\/wp-content\/uploads\/2020\/07\/Marche\u0301s-du-Pilat-300x192.png 300w, https:\/\/www.legrandnoe.fr\/wp-content\/uploads\/2020\/07\/Marche\u0301s-du-Pilat-768x491.png 768w, https:\/\/www.legrandnoe.fr\/wp-content\/uploads\/2020\/07\/Marche\u0301s-du-Pilat.png 799w\" sizes=\"auto, (max-width: 300px) 100vw, 300px\" \/><\/p>\n<p>cf les <a href=\"https:\/\/www.cc-montsdupilat.fr\/loisirs-et-tourisme\/producteurs-et-artisans\/les-marches-hebdomadaires\/\" target=\"_blank\" rel=\"noopener noreferrer\">march\u00e9s hebdomadaires du Pilat<\/a> :<br \/>\nhttps:\/\/www.cc-montsdupilat.fr\/loisirs-et-tourisme\/producteurs-et-artisans\/les-marches-hebdomadaires\/<\/p>\n<p>Ci dessous \u00e9galement les animations pr\u00e9vues :<\/p>\n<p>Du lundi 13\/07 au dimanche<br \/>\n23 ao\u00fbt 2020<br \/>\n\uf0dc 17:00 &#8211; Visite guid\u00e9e de Malleval<br \/>\nLieu : &#8211; Malleval<br \/>\nInformations : &#8211; 04 74 57 79 65<br \/>\nMardi 14 juillet 2020<br \/>\n\uf0dc 10:00 &#8211; Stages enfants autour de la<br \/>\ngravure et de l&#8217;image imprim\u00e9e<br \/>\nLieu : &#8211; P\u00e9lussin<br \/>\nInformations : &#8211; 06 37 54 26 16 (Elsa Cicchetti)<br \/>\nMercredi 15 juillet 2020<br \/>\n\uf0dc 10:00 &#8211; Stages enfants autour de la<br \/>\ngravure et de l&#8217;image imprim\u00e9e<br \/>\nLieu : &#8211; P\u00e9lussin<br \/>\nInformations : &#8211; 06 37 54 26 16 (Elsa Cicchetti)<br \/>\n\uf0dc 14:00 &#8211; Balade Photos<br \/>\nLieu : &#8211; P\u00e9lussin<br \/>\nInformations : &#8211; 09 80 90 71 76|04 69 32 52 06<br \/>\n\uf0dc 14:30 &#8211; Les Rendez-vous de mon Parc &#8220;Vis<br \/>\nma vie de b\u00fbcheron&#8221;<br \/>\nLieu : &#8211; P\u00e9lussin<br \/>\nInformations : &#8211; 06 35 82 57 90<br \/>\nJeudi 16 juillet 2020<br \/>\n\uf0dc 10:00 &#8211; Stages enfants autour de la<br \/>\ngravure et de l&#8217;image imprim\u00e9e<br \/>\nLieu : &#8211; P\u00e9lussin<br \/>\nInformations : &#8211; 06 37 54 26 16 (Elsa Cicchetti)<\/p>\n<p>\uf0dc 19:30 &#8211; Les rendez-vous de mon Parc<br \/>\n&#8220;Faune du Rh\u00f4ne et castors&#8221;<br \/>\nLieu : &#8211; Saint-Pierre-de-Boeuf<br \/>\nInformations : &#8211; 07 82 54 14 40<\/p>\n<p>\uf0dc 21:30 &#8211; Soir\u00e9e d\u00e9couverte des chauves-<br \/>\nsouris<\/p>\n<p>Lieu : &#8211; V\u00e9ranne<br \/>\nInformations : &#8211; 06 30 74 67 28<br \/>\nVendredi 17 juillet 2020<br \/>\n\uf0dc 14:30 &#8211; Visite d\u00e9couverte des vergers<br \/>\nLieu : &#8211; Maclas<br \/>\nInformations : &#8211; 06 30 74 67 28<br \/>\n\uf0dc 17:30 &#8211; Balade cont\u00e9e<br \/>\nLieu : &#8211; P\u00e9lussin<br \/>\nInformations : &#8211; 09 80 90 71 76|04 69 32 52 06<br \/>\n\uf0dc 17:30 &#8211; La l\u00e9gende de St Sabin &#8211; Balade<br \/>\naccompagn\u00e9e<br \/>\nLieu : &#8211; V\u00e9ranne<br \/>\nInformations : &#8211; 04 74 87 52 00<br \/>\n\uf0dc 18:00 &#8211; Les Rendez-vous de mon Parc<br \/>\n&#8220;Les plantes de la Maison du Parc&#8221;<br \/>\nLieu : &#8211; P\u00e9lussin<br \/>\nInformations : &#8211; 04 74 87 52 01 (Services<br \/>\nadministratifs)<br \/>\nSamedi 18 juillet 2020<br \/>\n\uf0dc 10:00 &#8211; Stages adultes autour de la<br \/>\ngravure et de l&#8217;image imprim\u00e9e<br \/>\nLieu : &#8211; P\u00e9lussin<br \/>\nInformations : &#8211; 06 37 54 26 16 (Elsa Cicchetti)<\/p>\n<p>Du samedi 18\/07 au<br \/>\ndimanche 19 juillet 2020<\/p>\n<p>\uf0dc 09:30 &#8211; Stage de poterie &#8211; Formule week-<br \/>\nend<\/p>\n<p>Lieu : &#8211; Maclas<br \/>\nInformations : &#8211; 06 80 50 09 79<br \/>\nDu samedi 18\/07 au<br \/>\ndimanche 26 juillet 2020<br \/>\n\uf0dc 14:30 &#8211; Exposition de photos et peintures<br \/>\nLieu : &#8211; Malleval<br \/>\nInformations : &#8211;<br \/>\nDimanche 19 juillet 2020<br \/>\n\uf0dc 09:30 &#8211; Visite d\u00e9couverte des vergers<br \/>\nLieu : &#8211; Maclas<br \/>\nInformations : &#8211; 06 30 74 67 28<br \/>\n\uf0dc 10:00 &#8211; Ouverture estivale du dimanche<br \/>\nDomaine du Ch\u00eane<br \/>\nLieu : &#8211; Chavanay<br \/>\nInformations : &#8211; 04 74 87 27 34<br \/>\n\uf0dc 10:00 &#8211; Ouverture estivale du dimanche<br \/>\nVignoble De Boisseyt<br \/>\nLieu : &#8211; Chavanay<br \/>\nInformations : &#8211; 04 74 87 23 45<br \/>\n\uf0dc 10:00 &#8211; Qi Gong Taoiste<\/p>\n","protected":false},"excerpt":{"rendered":"<p>&#8230; suivant votre projet, n&#8217;h\u00e9sitez pas \u00e0 nous solliciter, et \u00e0 consulter nos pages : le parc du Pilat &nbsp; Se restaurer &nbsp; Prendre son pied &nbsp; Faire son march\u00e9 &hellip; <a href=\"https:\/\/www.legrandnoe.fr\/en\/pour-preparer-votre-sejour\/\" class=\"more-link\">Continue reading <span class=\"screen-reader-text\">Pour pr\u00e9parer votre s\u00e9jour&#8230;<\/span> <span class=\"meta-nav\">&rarr;<\/span><\/a><\/p>\n","protected":false},"author":4,"featured_media":0,"parent":0,"menu_order":0,"comment_status":"closed","ping_status":"closed","template":"","meta":{"footnotes":""},"class_list":["post-1985","page","type-page","status-publish","hentry"],"aioseo_notices":[],"_links":{"self":[{"href":"https:\/\/www.legrandnoe.fr\/en\/wp-json\/wp\/v2\/pages\/1985","targetHints":{"allow":["GET"]}}],"collection":[{"href":"https:\/\/www.legrandnoe.fr\/en\/wp-json\/wp\/v2\/pages"}],"about":[{"href":"https:\/\/www.legrandnoe.fr\/en\/wp-json\/wp\/v2\/types\/page"}],"author":[{"embeddable":true,"href":"https:\/\/www.legrandnoe.fr\/en\/wp-json\/wp\/v2\/users\/4"}],"replies":[{"embeddable":true,"href":"https:\/\/www.legrandnoe.fr\/en\/wp-json\/wp\/v2\/comments?post=1985"}],"version-history":[{"count":0,"href":"https:\/\/www.legrandnoe.fr\/en\/wp-json\/wp\/v2\/pages\/1985\/revisions"}],"wp:attachment":[{"href":"https:\/\/www.legrandnoe.fr\/en\/wp-json\/wp\/v2\/media?parent=1985"}],"curies":[{"name":"wp","href":"https:\/\/api.w.org\/{rel}","templated":true}]}}