{"id":1648,"date":"2018-02-07T17:32:00","date_gmt":"2018-02-07T16:32:00","guid":{"rendered":"http:\/\/www.legrandnoe.fr\/?page_id=1648"},"modified":"2018-12-18T11:22:03","modified_gmt":"2018-12-18T10:22:03","slug":"guest-room-oeillon","status":"publish","type":"page","link":"https:\/\/www.legrandnoe.fr\/en\/rooms\/guest-room-oeillon\/","title":{"rendered":"Guest Room the Oeillon"},"content":{"rendered":"<p>16 m2 guestroom, facing west,<\/p>\n<figure id=\"attachment_803\" aria-describedby=\"caption-attachment-803\" style=\"width: 474px\" class=\"wp-caption alignnone\"><a href=\"http:\/\/www.legrandnoe.fr\/wp-content\/uploads\/2017\/02\/O_Oeillon_vers-louest.jpg\"><img loading=\"lazy\" decoding=\"async\" class=\"wp-image-803 size-large\" src=\"http:\/\/www.legrandnoe.fr\/wp-content\/uploads\/2017\/02\/O_Oeillon_vers-louest-1024x680.jpg\" alt=\"\" width=\"474\" height=\"315\" srcset=\"https:\/\/www.legrandnoe.fr\/wp-content\/uploads\/2017\/02\/O_Oeillon_vers-louest-1024x680.jpg 1024w, https:\/\/www.legrandnoe.fr\/wp-content\/uploads\/2017\/02\/O_Oeillon_vers-louest-300x199.jpg 300w, https:\/\/www.legrandnoe.fr\/wp-content\/uploads\/2017\/02\/O_Oeillon_vers-louest-768x510.jpg 768w\" sizes=\"auto, (max-width: 474px) 100vw, 474px\" \/><\/a><figcaption id=\"caption-attachment-803\" class=\"wp-caption-text\">Of full foot westward<\/figcaption><\/figure>\n<p>Perfect for late sleepers.<img loading=\"lazy\" decoding=\"async\" class=\"alignnone size-medium wp-image-1045\" src=\"http:\/\/www.legrandnoe.fr\/wp-content\/uploads\/2017\/02\/Late-sleeper-300x169.jpeg\" alt=\"\" width=\"300\" height=\"169\" srcset=\"https:\/\/www.legrandnoe.fr\/wp-content\/uploads\/2017\/02\/Late-sleeper-300x169.jpeg 300w, https:\/\/www.legrandnoe.fr\/wp-content\/uploads\/2017\/02\/Late-sleeper.jpeg 620w\" sizes=\"auto, (max-width: 300px) 100vw, 300px\" \/><\/p>\n<p>En-Suite bathroom.<\/p>\n<figure id=\"attachment_802\" aria-describedby=\"caption-attachment-802\" style=\"width: 474px\" class=\"wp-caption alignnone\"><a href=\"http:\/\/www.legrandnoe.fr\/wp-content\/uploads\/2017\/02\/O_Oeillon_-Salle-de-bains-se\u0301parative.jpg\"><img loading=\"lazy\" decoding=\"async\" class=\"wp-image-802 size-large\" src=\"http:\/\/www.legrandnoe.fr\/wp-content\/uploads\/2017\/02\/O_Oeillon_-Salle-de-bains-se\u0301parative-680x1024.jpg\" alt=\"\" width=\"474\" height=\"714\" srcset=\"https:\/\/www.legrandnoe.fr\/wp-content\/uploads\/2017\/02\/O_Oeillon_-Salle-de-bains-se\u0301parative-680x1024.jpg 680w, https:\/\/www.legrandnoe.fr\/wp-content\/uploads\/2017\/02\/O_Oeillon_-Salle-de-bains-se\u0301parative-199x300.jpg 199w, https:\/\/www.legrandnoe.fr\/wp-content\/uploads\/2017\/02\/O_Oeillon_-Salle-de-bains-se\u0301parative-768x1156.jpg 768w\" sizes=\"auto, (max-width: 474px) 100vw, 474px\" \/><\/a><figcaption id=\"caption-attachment-802\" class=\"wp-caption-text\">Bathroom<\/figcaption><\/figure>\n<div id='gallery-1' class='gallery galleryid-1648 gallery-columns-3 gallery-size-thumbnail'><figure class='gallery-item'>\n\t\t\t<div class='gallery-icon landscape'>\n\t\t\t\t<a href='https:\/\/www.legrandnoe.fr\/wp-content\/uploads\/2017\/01\/St-Sabin.jpg'><img loading=\"lazy\" decoding=\"async\" width=\"150\" height=\"150\" src=\"https:\/\/www.legrandnoe.fr\/wp-content\/uploads\/2017\/01\/St-Sabin-150x150.jpg\" class=\"attachment-thumbnail size-thumbnail\" alt=\"\" aria-describedby=\"gallery-1-2210\" \/><\/a>\n\t\t\t<\/div>\n\t\t\t\t<figcaption class='wp-caption-text gallery-caption' id='gallery-1-2210'>\n\t\t\t\tSoleil du soir\n\t\t\t\t<\/figcaption><\/figure><figure class='gallery-item'>\n\t\t\t<div class='gallery-icon landscape'>\n\t\t\t\t<a href='https:\/\/www.legrandnoe.fr\/wp-content\/uploads\/2017\/02\/O_St-Sabin-porte-fene\u0302tre-de-lexterieur.jpg'><img loading=\"lazy\" decoding=\"async\" width=\"150\" height=\"150\" src=\"https:\/\/www.legrandnoe.fr\/wp-content\/uploads\/2017\/02\/O_St-Sabin-porte-fene\u0302tre-de-lexterieur-150x150.jpg\" class=\"attachment-thumbnail size-thumbnail\" alt=\"\" aria-describedby=\"gallery-1-805\" \/><\/a>\n\t\t\t<\/div>\n\t\t\t\t<figcaption class='wp-caption-text gallery-caption' id='gallery-1-805'>\n\t\t\t\tPorte fen\u00eatre vers l&#8217;Ouest\n\t\t\t\t<\/figcaption><\/figure><figure class='gallery-item'>\n\t\t\t<div class='gallery-icon landscape'>\n\t\t\t\t<a href='https:\/\/www.legrandnoe.fr\/wp-content\/uploads\/2017\/02\/O_Oeillon.jpg'><img loading=\"lazy\" decoding=\"async\" width=\"150\" height=\"150\" src=\"https:\/\/www.legrandnoe.fr\/wp-content\/uploads\/2017\/02\/O_Oeillon-150x150.jpg\" class=\"attachment-thumbnail size-thumbnail\" alt=\"\" aria-describedby=\"gallery-1-2147\" \/><\/a>\n\t\t\t<\/div>\n\t\t\t\t<figcaption class='wp-caption-text gallery-caption' id='gallery-1-2147'>\n\t\t\t\tLit 160cm\n\t\t\t\t<\/figcaption><\/figure><figure class='gallery-item'>\n\t\t\t<div class='gallery-icon landscape'>\n\t\t\t\t<a href='https:\/\/www.legrandnoe.fr\/wp-content\/uploads\/2017\/02\/O_oeillon-table.jpg'><img loading=\"lazy\" decoding=\"async\" width=\"150\" height=\"150\" src=\"https:\/\/www.legrandnoe.fr\/wp-content\/uploads\/2017\/02\/O_oeillon-table-150x150.jpg\" class=\"attachment-thumbnail size-thumbnail\" alt=\"\" aria-describedby=\"gallery-1-800\" \/><\/a>\n\t\t\t<\/div>\n\t\t\t\t<figcaption class='wp-caption-text gallery-caption' id='gallery-1-800'>\n\t\t\t\tN\u00e9cessaire \u00e0 Th\u00e9\n\t\t\t\t<\/figcaption><\/figure><figure class='gallery-item'>\n\t\t\t<div class='gallery-icon landscape'>\n\t\t\t\t<a href='https:\/\/www.legrandnoe.fr\/wp-content\/uploads\/2017\/02\/O_LOeillon-te\u0301le\u0301.jpg'><img loading=\"lazy\" decoding=\"async\" width=\"150\" height=\"150\" src=\"https:\/\/www.legrandnoe.fr\/wp-content\/uploads\/2017\/02\/O_LOeillon-te\u0301le\u0301-150x150.jpg\" class=\"attachment-thumbnail size-thumbnail\" alt=\"\" aria-describedby=\"gallery-1-2214\" \/><\/a>\n\t\t\t<\/div>\n\t\t\t\t<figcaption class='wp-caption-text gallery-caption' id='gallery-1-2214'>\n\t\t\t\tT\u00e9l\u00e9vision\n\t\t\t\t<\/figcaption><\/figure><figure class='gallery-item'>\n\t\t\t<div class='gallery-icon portrait'>\n\t\t\t\t<a href='https:\/\/www.legrandnoe.fr\/wp-content\/uploads\/2017\/02\/O_Bibliothe\u0300que-LOeillon-e1487012223367.jpg'><img loading=\"lazy\" decoding=\"async\" width=\"150\" height=\"150\" src=\"https:\/\/www.legrandnoe.fr\/wp-content\/uploads\/2017\/02\/O_Bibliothe\u0300que-LOeillon-e1487012223367-150x150.jpg\" class=\"attachment-thumbnail size-thumbnail\" alt=\"\" aria-describedby=\"gallery-1-787\" \/><\/a>\n\t\t\t<\/div>\n\t\t\t\t<figcaption class='wp-caption-text gallery-caption' id='gallery-1-787'>\n\t\t\t\tBiblioth\u00e8que\n\t\t\t\t<\/figcaption><\/figure>\n\t\t<\/div>\n\n<p>&nbsp;<\/p>\n","protected":false},"excerpt":{"rendered":"<p>16 m2 guestroom, facing west, Perfect for late sleepers. En-Suite bathroom. &nbsp;<\/p>\n","protected":false},"author":5,"featured_media":2147,"parent":1645,"menu_order":0,"comment_status":"closed","ping_status":"closed","template":"","meta":{"footnotes":""},"class_list":["post-1648","page","type-page","status-publish","has-post-thumbnail","hentry"],"aioseo_notices":[],"_links":{"self":[{"href":"https:\/\/www.legrandnoe.fr\/en\/wp-json\/wp\/v2\/pages\/1648","targetHints":{"allow":["GET"]}}],"collection":[{"href":"https:\/\/www.legrandnoe.fr\/en\/wp-json\/wp\/v2\/pages"}],"about":[{"href":"https:\/\/www.legrandnoe.fr\/en\/wp-json\/wp\/v2\/types\/page"}],"author":[{"embeddable":true,"href":"https:\/\/www.legrandnoe.fr\/en\/wp-json\/wp\/v2\/users\/5"}],"replies":[{"embeddable":true,"href":"https:\/\/www.legrandnoe.fr\/en\/wp-json\/wp\/v2\/comments?post=1648"}],"version-history":[{"count":0,"href":"https:\/\/www.legrandnoe.fr\/en\/wp-json\/wp\/v2\/pages\/1648\/revisions"}],"up":[{"embeddable":true,"href":"https:\/\/www.legrandnoe.fr\/en\/wp-json\/wp\/v2\/pages\/1645"}],"wp:featuredmedia":[{"embeddable":true,"href":"https:\/\/www.legrandnoe.fr\/en\/wp-json\/wp\/v2\/media\/2147"}],"wp:attachment":[{"href":"https:\/\/www.legrandnoe.fr\/en\/wp-json\/wp\/v2\/media?parent=1648"}],"curies":[{"name":"wp","href":"https:\/\/api.w.org\/{rel}","templated":true}]}}